{"id":1611,"date":"2025-11-03T15:17:39","date_gmt":"2025-11-03T13:17:39","guid":{"rendered":"https:\/\/ecogruparjo.com\/finca-casablanca\/"},"modified":"2026-02-03T14:32:34","modified_gmt":"2026-02-03T12:32:34","slug":"finca-casablanca","status":"publish","type":"page","link":"https:\/\/ecogruparjo.com\/es\/finca-casablanca\/","title":{"rendered":"Finca Casablanca"},"content":{"rendered":"<p><div class=\"fusion-fullwidth fullwidth-box fusion-builder-row-1 fusion-flex-container has-pattern-background has-mask-background fusion-parallax-fixed nonhundred-percent-fullwidth non-hundred-percent-height-scrolling fusion-custom-z-index\" style=\"--awb-background-blend-mode:overlay;--awb-border-radius-top-left:0px;--awb-border-radius-top-right:0px;--awb-border-radius-bottom-right:0px;--awb-border-radius-bottom-left:0px;--awb-z-index:0;--awb-padding-top:176px;--awb-padding-bottom:181px;--awb-padding-top-small:90px;--awb-padding-bottom-small:90px;--awb-background-color:rgba(53,46,43,0.31);--awb-background-image:linear-gradient(180deg, rgba(0,0,0,0.27) 0%,rgba(255,255,255,0) 4%),url(https:\/\/ecogruparjo.com\/wp-content\/uploads\/2025\/10\/finca-casablanca.jpeg);;--awb-background-size:cover;--awb-flex-wrap:wrap;background-attachment:fixed;\" data-preload-img=\"https:\/\/ecogruparjo.com\/wp-content\/uploads\/2025\/10\/finca-casablanca.jpeg\" ><div class=\"fusion-builder-row fusion-row fusion-flex-align-items-flex-start fusion-flex-content-wrap\" style=\"max-width:1248px;margin-left: calc(-4% \/ 2 );margin-right: calc(-4% \/ 2 );\"><div class=\"fusion-layout-column fusion_builder_column fusion-builder-column-0 fusion_builder_column_1_1 1_1 fusion-flex-column fusion-animated\" style=\"--awb-bg-size:cover;--awb-width-large:100%;--awb-margin-top-large:0px;--awb-spacing-right-large:1.92%;--awb-margin-bottom-large:0px;--awb-spacing-left-large:1.92%;--awb-width-medium:100%;--awb-order-medium:0;--awb-spacing-right-medium:1.92%;--awb-spacing-left-medium:1.92%;--awb-width-small:100%;--awb-order-small:0;--awb-spacing-right-small:1.92%;--awb-spacing-left-small:1.92%;\" data-animationType=\"fadeInDown\" data-animationDuration=\"1.0\" data-animationOffset=\"top-into-view\"><div class=\"fusion-column-wrapper fusion-column-has-shadow fusion-flex-justify-content-flex-start fusion-content-layout-column\"><div class=\"fusion-title title fusion-title-1 fusion-sep-none fusion-title-center fusion-title-text fusion-title-size-one\" style=\"--awb-text-color:var(--awb-color1);--awb-font-size:19px;\"><h1 class=\"fusion-title-heading title-heading-center\" style=\"font-family:&quot;Poppins&quot;;font-style:normal;font-weight:300;margin:0;letter-spacing:1px;text-transform:uppercase;font-size:1em;\">ECOGRUP ARJ\u00d3<\/h1><\/div><div class=\"fusion-title title fusion-title-2 fusion-sep-none fusion-title-center fusion-title-text fusion-title-size-two\" style=\"--awb-text-color:var(--awb-color1);--awb-margin-top:0px;--awb-font-size:70PX;\"><h2 class=\"fusion-title-heading title-heading-center\" style=\"margin:0;letter-spacing:var(--awb-typography1-letter-spacing);text-transform:var(--awb-typography1-text-transform);font-size:1em;line-height:var(--awb-typography1-line-height);\">Finca Casa Blanca<\/h2><\/div><\/div><\/div><\/div><\/div><div id=\"fincas\" class=\"fusion-container-anchor\"><div class=\"fusion-fullwidth fullwidth-box fusion-builder-row-2 fusion-flex-container has-pattern-background has-mask-background hundred-percent-fullwidth non-hundred-percent-height-scrolling\" style=\"--awb-border-radius-top-left:0px;--awb-border-radius-top-right:0px;--awb-border-radius-bottom-right:0px;--awb-border-radius-bottom-left:0px;--awb-padding-top:65px;--awb-padding-bottom:47px;--awb-background-color:var(--awb-color8);--awb-flex-wrap:wrap;\" ><div class=\"fusion-builder-row fusion-row fusion-flex-align-items-flex-start fusion-flex-align-content-center fusion-flex-justify-content-center fusion-flex-content-wrap\" style=\"width:calc( 100% + 30px ) !important;max-width:calc( 100% + 30px ) !important;margin-left: calc(-30px \/ 2 );margin-right: calc(-30px \/ 2 );\"><div class=\"fusion-layout-column fusion_builder_column fusion-builder-column-1 fusion_builder_column_1_5 1_5 fusion-flex-column\" style=\"--awb-bg-size:cover;--awb-width-large:20%;--awb-margin-top-large:0px;--awb-spacing-right-large:15px;--awb-margin-bottom-large:20px;--awb-spacing-left-large:15px;--awb-width-medium:40%;--awb-order-medium:0;--awb-spacing-right-medium:15px;--awb-spacing-left-medium:15px;--awb-width-small:50%;--awb-order-small:0;--awb-spacing-right-small:15px;--awb-spacing-left-small:15px;\" data-scroll-devices=\"small-visibility,medium-visibility,large-visibility\"><div class=\"fusion-column-wrapper fusion-column-has-shadow fusion-flex-justify-content-flex-start fusion-content-layout-column\"><div class=\"fusion-image-element \" style=\"text-align:center;--awb-aspect-ratio:1 \/ 1;--awb-object-position:38% 35%;--awb-caption-text-transform:none;--awb-caption-border-color:rgba(25,25,25,0);--awb-caption-overlay-color:#000000;--awb-caption-title-font-family:var(--h2_typography-font-family);--awb-caption-title-font-weight:var(--h2_typography-font-weight);--awb-caption-title-font-style:var(--h2_typography-font-style);--awb-caption-title-size:28px;--awb-caption-title-transform:none;--awb-caption-title-line-height:var(--h2_typography-line-height);--awb-caption-title-letter-spacing:var(--h2_typography-letter-spacing);\"><span class=\" fusion-imageframe imageframe-none imageframe-1 awb-imageframe-style awb-imageframe-style-resa has-aspect-ratio\" style=\"border-radius:50%;\"><a class=\"fusion-no-lightbox\" href=\"#historia\" target=\"_self\" aria-label=\"masia\"><img decoding=\"async\" width=\"1200\" height=\"1600\" src=\"https:\/\/ecogruparjo.com\/wp-content\/uploads\/2025\/11\/masia.jpeg\" data-orig-src=\"https:\/\/ecogruparjo.com\/wp-content\/uploads\/2025\/11\/masia.jpeg\" class=\"lazyload img-responsive wp-image-1609 img-with-aspect-ratio\" data-parent-fit=\"cover\" data-parent-container=\".fusion-image-element\" alt srcset=\"data:image\/svg+xml,%3Csvg%20xmlns%3D%27http%3A%2F%2Fwww.w3.org%2F2000%2Fsvg%27%20width%3D%271200%27%20height%3D%271600%27%20viewBox%3D%270%200%201200%201600%27%3E%3Crect%20width%3D%271200%27%20height%3D%271600%27%20fill-opacity%3D%220%22%2F%3E%3C%2Fsvg%3E\" data-srcset=\"https:\/\/ecogruparjo.com\/wp-content\/uploads\/2025\/11\/masia-200x267.jpeg 200w, https:\/\/ecogruparjo.com\/wp-content\/uploads\/2025\/11\/masia-400x533.jpeg 400w, https:\/\/ecogruparjo.com\/wp-content\/uploads\/2025\/11\/masia-600x800.jpeg 600w, https:\/\/ecogruparjo.com\/wp-content\/uploads\/2025\/11\/masia-800x1067.jpeg 800w, https:\/\/ecogruparjo.com\/wp-content\/uploads\/2025\/11\/masia.jpeg 1200w\" data-sizes=\"auto\" data-orig-sizes=\"(max-width: 640px) 100vw, 400px\" \/><div class=\"awb-imageframe-caption-container\"><div class=\"awb-imageframe-caption\"><h2 class=\"awb-imageframe-caption-title\">Historia<\/h2><\/div><\/div><\/a><\/span><\/div><\/div><\/div><div class=\"fusion-layout-column fusion_builder_column fusion-builder-column-2 fusion-flex-column\" style=\"--awb-bg-size:cover;--awb-width-large:5%;--awb-margin-top-large:0px;--awb-spacing-right-large:15px;--awb-margin-bottom-large:20px;--awb-spacing-left-large:15px;--awb-width-medium:5%;--awb-order-medium:0;--awb-spacing-right-medium:15px;--awb-spacing-left-medium:15px;--awb-width-small:100%;--awb-order-small:0;--awb-spacing-right-small:15px;--awb-spacing-left-small:15px;\"><div class=\"fusion-column-wrapper fusion-column-has-shadow fusion-flex-justify-content-flex-start fusion-content-layout-column\"><\/div><\/div><div class=\"fusion-layout-column fusion_builder_column fusion-builder-column-3 fusion_builder_column_1_5 1_5 fusion-flex-column\" style=\"--awb-bg-size:cover;--awb-width-large:20%;--awb-margin-top-large:0px;--awb-spacing-right-large:15px;--awb-margin-bottom-large:20px;--awb-spacing-left-large:15px;--awb-width-medium:40%;--awb-order-medium:0;--awb-spacing-right-medium:15px;--awb-spacing-left-medium:15px;--awb-width-small:50%;--awb-order-small:0;--awb-spacing-right-small:15px;--awb-spacing-left-small:15px;\" data-scroll-devices=\"small-visibility,medium-visibility,large-visibility\"><div class=\"fusion-column-wrapper fusion-column-has-shadow fusion-flex-justify-content-flex-start fusion-content-layout-column\"><div class=\"fusion-image-element \" style=\"text-align:center;--awb-aspect-ratio:1 \/ 1;--awb-object-position:38% 52%;--awb-caption-text-transform:none;--awb-caption-border-color:rgba(25,25,25,0);--awb-caption-overlay-color:#000000;--awb-caption-title-font-family:var(--h2_typography-font-family);--awb-caption-title-font-weight:var(--h2_typography-font-weight);--awb-caption-title-font-style:var(--h2_typography-font-style);--awb-caption-title-size:28px;--awb-caption-title-transform:none;--awb-caption-title-line-height:var(--h2_typography-line-height);--awb-caption-title-letter-spacing:var(--h2_typography-letter-spacing);\"><span class=\" fusion-imageframe imageframe-none imageframe-2 awb-imageframe-style awb-imageframe-style-resa has-aspect-ratio\" style=\"border-radius:50%;\"><a class=\"fusion-no-lightbox\" href=\"#actualidad\" target=\"_self\" aria-label=\"oliveres\"><img decoding=\"async\" width=\"614\" height=\"460\" src=\"https:\/\/ecogruparjo.com\/wp-content\/uploads\/2025\/11\/oliveres.png\" data-orig-src=\"https:\/\/ecogruparjo.com\/wp-content\/uploads\/2025\/11\/oliveres.png\" class=\"lazyload img-responsive wp-image-1610 img-with-aspect-ratio\" data-parent-fit=\"cover\" data-parent-container=\".fusion-image-element\" alt srcset=\"data:image\/svg+xml,%3Csvg%20xmlns%3D%27http%3A%2F%2Fwww.w3.org%2F2000%2Fsvg%27%20width%3D%27614%27%20height%3D%27460%27%20viewBox%3D%270%200%20614%20460%27%3E%3Crect%20width%3D%27614%27%20height%3D%27460%27%20fill-opacity%3D%220%22%2F%3E%3C%2Fsvg%3E\" data-srcset=\"https:\/\/ecogruparjo.com\/wp-content\/uploads\/2025\/11\/oliveres-200x150.png 200w, https:\/\/ecogruparjo.com\/wp-content\/uploads\/2025\/11\/oliveres-400x300.png 400w, https:\/\/ecogruparjo.com\/wp-content\/uploads\/2025\/11\/oliveres-600x450.png 600w, https:\/\/ecogruparjo.com\/wp-content\/uploads\/2025\/11\/oliveres.png 614w\" data-sizes=\"auto\" data-orig-sizes=\"(max-width: 640px) 100vw, 400px\" \/><div class=\"awb-imageframe-caption-container\"><div class=\"awb-imageframe-caption\"><h2 class=\"awb-imageframe-caption-title\">Actualidad<\/h2><\/div><\/div><\/a><\/span><\/div><\/div><\/div><\/div><\/div><\/div><div id=\"historia\" class=\"fusion-container-anchor\"><div class=\"fusion-fullwidth fullwidth-box fusion-builder-row-3 fusion-flex-container has-pattern-background has-mask-background nonhundred-percent-fullwidth non-hundred-percent-height-scrolling\" style=\"--awb-border-radius-top-left:0px;--awb-border-radius-top-right:0px;--awb-border-radius-bottom-right:0px;--awb-border-radius-bottom-left:0px;--awb-padding-top:127px;--awb-flex-wrap:wrap;\" ><div class=\"fusion-builder-row fusion-row fusion-flex-align-items-center fusion-flex-content-wrap\" style=\"max-width:1248px;margin-left: calc(-4% \/ 2 );margin-right: calc(-4% \/ 2 );\"><div class=\"fusion-layout-column fusion_builder_column fusion-builder-column-4 fusion_builder_column_1_2 1_2 fusion-flex-column\" style=\"--awb-bg-size:cover;--awb-width-large:50%;--awb-margin-top-large:0px;--awb-spacing-right-large:3.84%;--awb-margin-bottom-large:20px;--awb-spacing-left-large:3.84%;--awb-width-medium:50%;--awb-order-medium:0;--awb-spacing-right-medium:3.84%;--awb-spacing-left-medium:3.84%;--awb-width-small:100%;--awb-order-small:0;--awb-spacing-right-small:1.92%;--awb-spacing-left-small:1.92%;\"><div class=\"fusion-column-wrapper fusion-column-has-shadow fusion-flex-justify-content-flex-start fusion-content-layout-column\"><div class=\"fusion-title title fusion-title-3 fusion-sep-none fusion-title-text fusion-title-size-two\" style=\"--awb-text-color:var(--awb-color6);--awb-margin-top:20px;\"><h2 class=\"fusion-title-heading title-heading-left\" style=\"font-family:&quot;Poppins&quot;;font-style:normal;font-weight:400;margin:0;text-transform:capitalize;\">Historia<\/h2><\/div><div class=\"fusion-separator\" style=\"align-self: flex-start;margin-right:auto;margin-bottom:40px;width:100%;max-width:340px;\"><div class=\"fusion-separator-border sep-single sep-solid\" style=\"--awb-height:20px;--awb-amount:20px;--awb-sep-color:var(--awb-color6);border-color:var(--awb-color6);border-top-width:3px;\"><\/div><\/div><div class=\"fusion-text fusion-text-1\" style=\"--awb-content-alignment:justify;\"><p>Casa Blanca es una finca situada cerca de Puigverd de Tremp, en el Pallars Juss\u00e0.<br \/>\nLa mas\u00eda, construida entre los siglos XIX y XX y catalogada como Bien Cultural de Inter\u00e9s Local, es un elemento patrimonial que mantiene viva la esencia hist\u00f3rica de la zona y da un gran valor cultural a la finca. Durante muchos a\u00f1os perteneci\u00f3 a la familia Barri de Cortada, vinculada a la gesti\u00f3n del puerto de Barcelona en tiempos del franquismo.<br \/>\nSeg\u00fan se explica, incluso el dictador habr\u00eda pasado una noche durante una de sus visitas al Pallars.<br \/>\nDesde el a\u00f1o 2020 contamos con 11,7 hect\u00e1reas de vi\u00f1edo certificada por el CCPAE como ecol\u00f3gica, que dan continuidad a una tradici\u00f3n vitivin\u00edcola antigua: en estas tierras ya hab\u00eda vi\u00f1edos hace d\u00e9cadas, y todav\u00eda se conserva la bodega hist\u00f3rica con grandes botas de madera, testimonio de la producci\u00f3n vin\u00edcola de otros tiempos. El paisaje se completa con olivos centenarios, tambi\u00e9n ecol\u00f3gicos, que no s\u00f3lo embellecen el entorno sino que tambi\u00e9n forman parte de nuestra producci\u00f3n agr\u00edcola.<\/p>\n<\/div><\/div><\/div><div class=\"fusion-layout-column fusion_builder_column fusion-builder-column-5 fusion_builder_column_1_2 1_2 fusion-flex-column\" style=\"--awb-bg-size:cover;--awb-width-large:50%;--awb-margin-top-large:0px;--awb-spacing-right-large:3.84%;--awb-margin-bottom-large:20px;--awb-spacing-left-large:3.84%;--awb-width-medium:50%;--awb-order-medium:0;--awb-spacing-right-medium:3.84%;--awb-spacing-left-medium:3.84%;--awb-width-small:100%;--awb-order-small:0;--awb-spacing-right-small:1.92%;--awb-spacing-left-small:1.92%;\"><div class=\"fusion-column-wrapper fusion-column-has-shadow fusion-flex-justify-content-flex-start fusion-content-layout-column\"><div class=\"fusion-image-element \" style=\"text-align:right;--awb-aspect-ratio: 100 \/ 122;--awb-caption-title-font-family:var(--h2_typography-font-family);--awb-caption-title-font-weight:var(--h2_typography-font-weight);--awb-caption-title-font-style:var(--h2_typography-font-style);--awb-caption-title-size:var(--h2_typography-font-size);--awb-caption-title-transform:var(--h2_typography-text-transform);--awb-caption-title-line-height:var(--h2_typography-line-height);--awb-caption-title-letter-spacing:var(--h2_typography-letter-spacing);\"><span class=\" fusion-imageframe imageframe-none imageframe-3 hover-type-none has-aspect-ratio\" style=\"border-radius:10px;\"><img decoding=\"async\" width=\"1200\" height=\"1600\" title=\"masia\" src=\"https:\/\/ecogruparjo.com\/wp-content\/uploads\/2025\/11\/masia.jpeg\" data-orig-src=\"https:\/\/ecogruparjo.com\/wp-content\/uploads\/2025\/11\/masia.jpeg\" class=\"lazyload img-responsive wp-image-1609 img-with-aspect-ratio\" data-parent-fit=\"cover\" data-parent-container=\".fusion-image-element\" alt srcset=\"data:image\/svg+xml,%3Csvg%20xmlns%3D%27http%3A%2F%2Fwww.w3.org%2F2000%2Fsvg%27%20width%3D%271200%27%20height%3D%271600%27%20viewBox%3D%270%200%201200%201600%27%3E%3Crect%20width%3D%271200%27%20height%3D%271600%27%20fill-opacity%3D%220%22%2F%3E%3C%2Fsvg%3E\" data-srcset=\"https:\/\/ecogruparjo.com\/wp-content\/uploads\/2025\/11\/masia-200x267.jpeg 200w, https:\/\/ecogruparjo.com\/wp-content\/uploads\/2025\/11\/masia-400x533.jpeg 400w, https:\/\/ecogruparjo.com\/wp-content\/uploads\/2025\/11\/masia-600x800.jpeg 600w, https:\/\/ecogruparjo.com\/wp-content\/uploads\/2025\/11\/masia-800x1067.jpeg 800w, https:\/\/ecogruparjo.com\/wp-content\/uploads\/2025\/11\/masia.jpeg 1200w\" data-sizes=\"auto\" data-orig-sizes=\"(max-width: 640px) 100vw, 600px\" \/><\/span><\/div><\/div><\/div><\/div><\/div><\/div><div id=\"actualidad\" class=\"fusion-container-anchor\"><div class=\"fusion-fullwidth fullwidth-box fusion-builder-row-4 fusion-flex-container has-pattern-background has-mask-background nonhundred-percent-fullwidth non-hundred-percent-height-scrolling\" style=\"--awb-border-radius-top-left:0px;--awb-border-radius-top-right:0px;--awb-border-radius-bottom-right:0px;--awb-border-radius-bottom-left:0px;--awb-padding-top:127px;--awb-flex-wrap:wrap;\" ><div class=\"fusion-builder-row fusion-row fusion-flex-align-items-flex-start fusion-flex-content-wrap\" style=\"max-width:1248px;margin-left: calc(-4% \/ 2 );margin-right: calc(-4% \/ 2 );\"><div class=\"fusion-layout-column fusion_builder_column fusion-builder-column-6 fusion_builder_column_1_2 1_2 fusion-flex-column\" style=\"--awb-bg-size:cover;--awb-width-large:50%;--awb-margin-top-large:0px;--awb-spacing-right-large:3.84%;--awb-margin-bottom-large:20px;--awb-spacing-left-large:3.84%;--awb-width-medium:50%;--awb-order-medium:0;--awb-spacing-right-medium:3.84%;--awb-spacing-left-medium:3.84%;--awb-width-small:100%;--awb-order-small:0;--awb-spacing-right-small:1.92%;--awb-spacing-left-small:1.92%;\"><div class=\"fusion-column-wrapper fusion-column-has-shadow fusion-flex-justify-content-flex-start fusion-content-layout-column\"><div class=\"fusion-image-element \" style=\"text-align:right;--awb-aspect-ratio:1 \/ 1;--awb-object-position:40% 85%;--awb-caption-title-font-family:var(--h2_typography-font-family);--awb-caption-title-font-weight:var(--h2_typography-font-weight);--awb-caption-title-font-style:var(--h2_typography-font-style);--awb-caption-title-size:var(--h2_typography-font-size);--awb-caption-title-transform:var(--h2_typography-text-transform);--awb-caption-title-line-height:var(--h2_typography-line-height);--awb-caption-title-letter-spacing:var(--h2_typography-letter-spacing);\"><span class=\" fusion-imageframe imageframe-none imageframe-4 hover-type-none has-aspect-ratio\" style=\"border-radius:10px;\"><img decoding=\"async\" width=\"614\" height=\"460\" title=\"oliveres\" src=\"https:\/\/ecogruparjo.com\/wp-content\/uploads\/2025\/11\/oliveres.png\" data-orig-src=\"https:\/\/ecogruparjo.com\/wp-content\/uploads\/2025\/11\/oliveres.png\" class=\"lazyload img-responsive wp-image-1610 img-with-aspect-ratio\" data-parent-fit=\"cover\" data-parent-container=\".fusion-image-element\" alt srcset=\"data:image\/svg+xml,%3Csvg%20xmlns%3D%27http%3A%2F%2Fwww.w3.org%2F2000%2Fsvg%27%20width%3D%27614%27%20height%3D%27460%27%20viewBox%3D%270%200%20614%20460%27%3E%3Crect%20width%3D%27614%27%20height%3D%27460%27%20fill-opacity%3D%220%22%2F%3E%3C%2Fsvg%3E\" data-srcset=\"https:\/\/ecogruparjo.com\/wp-content\/uploads\/2025\/11\/oliveres-200x150.png 200w, https:\/\/ecogruparjo.com\/wp-content\/uploads\/2025\/11\/oliveres-400x300.png 400w, https:\/\/ecogruparjo.com\/wp-content\/uploads\/2025\/11\/oliveres-600x450.png 600w, https:\/\/ecogruparjo.com\/wp-content\/uploads\/2025\/11\/oliveres.png 614w\" data-sizes=\"auto\" data-orig-sizes=\"(max-width: 640px) 100vw, 600px\" \/><\/span><\/div><\/div><\/div><div class=\"fusion-layout-column fusion_builder_column fusion-builder-column-7 fusion_builder_column_1_2 1_2 fusion-flex-column\" style=\"--awb-bg-size:cover;--awb-width-large:50%;--awb-margin-top-large:0px;--awb-spacing-right-large:3.84%;--awb-margin-bottom-large:20px;--awb-spacing-left-large:3.84%;--awb-width-medium:50%;--awb-order-medium:0;--awb-spacing-right-medium:3.84%;--awb-spacing-left-medium:3.84%;--awb-width-small:100%;--awb-order-small:0;--awb-spacing-right-small:1.92%;--awb-spacing-left-small:1.92%;\"><div class=\"fusion-column-wrapper fusion-column-has-shadow fusion-flex-justify-content-flex-start fusion-content-layout-column\"><div class=\"fusion-title title fusion-title-4 fusion-sep-none fusion-title-text fusion-title-size-two\" style=\"--awb-text-color:var(--awb-color6);--awb-margin-top:20px;\"><h2 class=\"fusion-title-heading title-heading-right\" style=\"font-family:&quot;Poppins&quot;;font-style:normal;font-weight:400;margin:0;text-transform:capitalize;\">Actualidad<\/h2><\/div><div class=\"fusion-separator\" style=\"align-self: flex-end;margin-left:auto;margin-bottom:40PX;width:100%;max-width:340px;\"><div class=\"fusion-separator-border sep-single sep-solid\" style=\"--awb-height:20px;--awb-amount:20px;--awb-sep-color:var(--awb-color6);border-color:var(--awb-color6);border-top-width:3px;\"><\/div><\/div><div class=\"fusion-text fusion-text-2\" style=\"--awb-content-alignment:justify;\"><p>Hoy, en Casa Blanca se elaboran vinos de calidad con un equilibrio entre m\u00e9todos tradicionales y t\u00e9cnicas modernas, buscando siempre expresar lo mejor de la vi\u00f1a. Al mismo tiempo, mantenemos viva la tradici\u00f3n de obtener aceite de oliva virgen extra en nuestro peque\u00f1o molino, con las aceitunas centenarias de la finca, que dan un aceite afrutado y de primera calidad. Tambi\u00e9n producimos aceite picante, elaborado de forma artesanal con una combinaci\u00f3n de pimientos de nuestro propio huerto, aportando un toque \u00fanico y diferenciado.<br \/>\nNuestra voluntad es compartir con vosotros la autenticidad del producto, la belleza del paisaje y la riqueza cultural del patrimonio que nos rodea. Cada botella de vino y cada gota de aceite reflejan el amor por el territorio, la pasi\u00f3n por la artesan\u00eda y el respeto por la naturaleza, en un entorno protegido que queremos preservar para las futuras generaciones.<\/p>\n<\/div><\/div><\/div><\/div><\/div><\/div><\/p>\n","protected":false},"excerpt":{"rendered":"","protected":false},"author":1,"featured_media":0,"parent":0,"menu_order":0,"comment_status":"closed","ping_status":"closed","template":"100-width.php","meta":{"footnotes":""},"class_list":["post-1611","page","type-page","status-publish","hentry"],"_links":{"self":[{"href":"https:\/\/ecogruparjo.com\/es\/wp-json\/wp\/v2\/pages\/1611","targetHints":{"allow":["GET"]}}],"collection":[{"href":"https:\/\/ecogruparjo.com\/es\/wp-json\/wp\/v2\/pages"}],"about":[{"href":"https:\/\/ecogruparjo.com\/es\/wp-json\/wp\/v2\/types\/page"}],"author":[{"embeddable":true,"href":"https:\/\/ecogruparjo.com\/es\/wp-json\/wp\/v2\/users\/1"}],"replies":[{"embeddable":true,"href":"https:\/\/ecogruparjo.com\/es\/wp-json\/wp\/v2\/comments?post=1611"}],"version-history":[{"count":8,"href":"https:\/\/ecogruparjo.com\/es\/wp-json\/wp\/v2\/pages\/1611\/revisions"}],"predecessor-version":[{"id":1900,"href":"https:\/\/ecogruparjo.com\/es\/wp-json\/wp\/v2\/pages\/1611\/revisions\/1900"}],"wp:attachment":[{"href":"https:\/\/ecogruparjo.com\/es\/wp-json\/wp\/v2\/media?parent=1611"}],"curies":[{"name":"wp","href":"https:\/\/api.w.org\/{rel}","templated":true}]}}