{"id":1761,"date":"2025-12-23T14:52:37","date_gmt":"2025-12-23T12:52:37","guid":{"rendered":"https:\/\/ecogruparjo.com\/?page_id=1761"},"modified":"2026-01-15T14:25:32","modified_gmt":"2026-01-15T12:25:32","slug":"condiciones-de-compra","status":"publish","type":"page","link":"https:\/\/ecogruparjo.com\/es\/condiciones-de-compra\/","title":{"rendered":"Condiciones de compra"},"content":{"rendered":"<div>\n<h2 style=\"text-align: center;\">CONDICIONES DE COMPRA<\/h2>\n<p style=\"text-align: left;\">Las presentes Condiciones Generales de Compra regulan el uso del sitio web, <b>https:\/\/ecogruparjo.com\/<\/b>, del que <b>Ecogrup Arj\u00f3 &#8211; Celler Casa Blanca &#8211; Celler Casa Blanca<\/b> es titular. Los dominios <b>https:\/\/ecogruparjo.com\/<\/b>, con todos los subdominios asociados, pertenecen a <b>Ecogrup Arj\u00f3 &#8211; Celler Casa Blanca &#8211; Celler Casa Blanca<\/b>, CIF: <b>48050723C<\/b> con domicilio en <b>Finca Casa Blanca S\/N, 25634, Puigverd de Tremp, Lleida<\/b>.<\/p>\n<p style=\"text-align: left;\">Para cualquier consulta, puede contactar con nosotros a trav\u00e9s del tel\u00e9fono <b>685 22 43 79<\/b>, o enviando un correo electr\u00f3nico a <b>info@cellercasablanca.cat<\/b>.<\/p>\n<p style=\"text-align: left;\">En cumplimiento de lo dispuesto en la Ley 34\/2002, de 11 de julio, de Servicios de la Sociedad de la Informaci\u00f3n y Comercio Electr\u00f3nico, y otra normativa de aplicaci\u00f3n, <b>Ecogrup Arj\u00f3 &#8211; Celler Casa Blanca &#8211; Celler Casa Blanca<\/b> informa:<\/p>\n<h3 style=\"text-align: left;\"><strong>1.- Objeto<\/strong><\/h3>\n<p style=\"text-align: left;\">Las Condiciones de compra establecen los derechos y obligaciones de todos los usuarios de la tienda online <b>Ecogrup Arj\u00f3 &#8211; Celler Casa Blanca &#8211; Celler Casa Blanca<\/b>, en relaci\u00f3n con los productos que ofrecemos a trav\u00e9s de nuestro sitio web <b>https:\/\/ecogruparjo.com\/<\/b>.<\/p>\n<p style=\"text-align: left;\">Al utilizar el sitio web <b>https:\/\/ecogruparjo.com\/<\/b> o realizar una compra a trav\u00e9s del mismo, usted es consciente de la vinculaci\u00f3n con estas Condiciones y nuestra Pol\u00edtica de Privacidad, por lo que, si usted no est\u00e1 de acuerdo con todas las Condiciones y con la Pol\u00edtica de Privacidad, no debe hacer ninguna compra.<\/p>\n<p style=\"text-align: left;\">El sitio web <b>https:\/\/ecogruparjo.com\/<\/b> tiene por objeto la compra de un producto en <b>Ecogrup Arj\u00f3 &#8211; Celler Casa Blanca &#8211; Celler Casa Blanca<\/b>, con la posibilidad de pago de la compra.<\/p>\n<h3 style=\"text-align: left;\"><strong>2.- Compras<\/strong><\/h3>\n<p style=\"text-align: left;\">El realizar una compra en <b>https:\/\/ecogruparjo.com\/<\/b> equivale a la aceptaci\u00f3n plena y entera de los precios, de la descripci\u00f3n de los servicios a la venta y de las condiciones generales de venta, que ser\u00e1n las \u00fanicas aplicables al contrato as\u00ed concluido.<\/p>\n<p style=\"text-align: left;\">El comprador se compromete a hacer uso del sitio web <b>https:\/\/ecogruparjo.com\/<\/b> s\u00f3lo para realizar consultas o compras legalmente v\u00e1lidas. Tambi\u00e9n se obliga al comprador a facilitar de forma cierta y correcta sus datos de contacto, consintiendo asimismo el poder hacer uso de esta informaci\u00f3n para ponernos en contacto con \u00e9l si fuera necesario.<\/p>\n<p style=\"text-align: left;\">El realizar una compra a trav\u00e9s de <b>https:\/\/ecogruparjo.com\/<\/b> garantiza estar plenamente autorizado para utilizar la tarjeta de pago, en caso de elegir esta modalidad de pago. S\u00f3lo las personas con la capacidad jur\u00eddica necesaria para suscribir contratos.<\/p>\n<p style=\"text-align: left;\"><b>Ecogrup Arj\u00f3 &#8211; Celler Casa Blanca &#8211; Celler Casa Blanca<\/b> ofrece la posibilidad de efectuar el pago a trav\u00e9s de tarjeta o Bizum. El cargo en la tarjeta de cr\u00e9dito se realiza en el mismo momento de realizar la compra, a trav\u00e9s de la pasarela de pago de la entidad financiera correspondiente y una vez comprobado que los datos comunicados son correctos.<\/p>\n<p style=\"text-align: left;\">En este sentido, los datos confidenciales son transmitidos de forma encriptada (SSL) a la entidad financiera correspondiente. El sistema de encriptaci\u00f3n SSL que utilizamos confiere total seguridad a la transmisi\u00f3n de datos a trav\u00e9s de la red. Sus datos gozan de total confidencialidad y protecci\u00f3n.<\/p>\n<p style=\"text-align: left;\">La seguridad en la compra electr\u00f3nica est\u00e1 garantizada por la correspondiente entidad financiera. \u00c9sta dispone de los medios de seguridad necesarios para identificar posibles errores en los datos facilitados al hacer de pago con tarjeta o Bizum.<\/p>\n<p style=\"text-align: left;\">Los datos sobre las tarjetas de cr\u00e9dito no quedan registrados en ninguna base de datos nuestra. Se utilizar\u00e1n \u00fanicamente en el TPV (Terminal Punto de Venta) virtual de la entidad financiera correspondiente, a trav\u00e9s de su Pasarela de Pago Seguro.<\/p>\n<p style=\"text-align: left;\">Las tarjetas de cr\u00e9dito est\u00e1n sujetas a comprobaciones y autorizaciones por parte de la entidad emisora \u200b\u200bde las mismas, pero si la entidad no autorizara el pago, no nos haremos responsables por ning\u00fan retraso o falta de entrega y no podremos formalizar ning\u00fan contrato con usted.<\/p>\n<p style=\"text-align: left;\"><b>Ecogrup Arj\u00f3 &#8211; Celler Casa Blanca &#8211; Celler Casa Blanca<\/b> se reserva el derecho a cambiar las modalidades de pago y puede crear nuevas o eliminar alguna de las existentes, sin que el usuario\/cliente de <b>https:\/\/ecogruparjo.com\/<\/b> pueda realizar reclamaciones por este motivo. No obstante, si el cambio en la modalidad de pago afectase a una compra ya realizada, desde <b>https:\/\/ecogruparjo.com\/<\/b> nos pondr\u00edamos en contacto con el cliente para informar de este cambio, ofreciendo la opci\u00f3n de cancelar la compra si lo considerase conveniente.<\/p>\n<h3 style=\"text-align: left;\"><strong>3.- Informaci\u00f3n y consultas<\/strong><\/h3>\n<p style=\"text-align: left;\">Para cualquier informaci\u00f3n sobre compras web, as\u00ed como para comunicarnos cualquier tipo de incidencia o reclamaci\u00f3n referente a la compra online, ponemos a su disposici\u00f3n la p\u00e1gina de Contacto del portal, enviando un correo electr\u00f3nico a <b>info@cellercasablanca.cat<\/b>.<\/p>\n<h3 style=\"text-align: left;\"><strong>4.- Devoluciones<\/strong><\/h3>\n<p style=\"text-align: left;\">La compra ser\u00e1 reembolsable en caso de anulaci\u00f3n 10 d\u00edas antes de la entrega del producto. En otro caso, la compra no ser\u00e1 reembolsable.<\/p>\n<p style=\"text-align: left;\">Para cancelar la compra, deber\u00e1 ponerse en contacto con <b>Ecogrup Arj\u00f3 &#8211; Celler Casa Blanca &#8211; Celler Casa Blanca<\/b> a trav\u00e9s del correo electr\u00f3nico <b>info@cellercasablanca.cat<\/b> e indicar en el asunto del mensaje \u201cCancelaci\u00f3n\u201d.<\/p>\n<h3 style=\"text-align: left;\"><strong>5.- Env\u00edos<\/strong><\/h3>\n<p>Se realizan env\u00edos para Espa\u00f1a e Islas Baleares. Cualquier otro destino deber\u00e1 ser consultado primero escribiendo en <b>info@cellercasablanca.cat<\/b>.<\/p>\n<p>Los gastos de env\u00edo son los siguientes:<\/p>\n<p>\u2013 Pen\u00ednsula: 4,70\u20ac<br \/>\n\u2013 Catalu\u00f1a: 4,40\u20ac<br \/>\n\u2013 Provincia de Lleida: 4,25\u20ac<br \/>\n\u2013 Baleares: 14,6\u20ac<\/p>\n<p>El tiempo aproximado de entrega es 24\/72 horas.<\/p>\n<h3 style=\"text-align: left;\"><strong>6.- Responsabilidad<\/strong><\/h3>\n<p style=\"text-align: left;\"><b>Ecogrup Arj\u00f3 &#8211; Celler Casa Blanca &#8211; Celler Casa Blanca<\/b> no podr\u00e1 ser considerada responsable del incumplimiento del contrato suscrito en caso de causa de fuerza mayor, de interrupci\u00f3n de la actividad.<\/p>\n<p style=\"text-align: left;\">Lo dispuesto en la presente cl\u00e1usula no afectar\u00e1 a los derechos reconocidos por ley en calidad de consumidor, ni al derecho de desistir del contrato.<\/p>\n<p style=\"text-align: left;\">En caso de litigio, el cliente podr\u00e1 dirigirse, en primer lugar, a <b>Ecogrup Arj\u00f3 &#8211; Celler Casa Blanca &#8211; Celler Casa Blanca<\/b> para llegar a una resoluci\u00f3n amistosa.<\/p>\n<h3 style=\"text-align: left;\"><strong>7.- Ley aplicable<\/strong><\/h3>\n<p style=\"text-align: left;\">Las presentes Condiciones Generales se regir\u00e1n e interpretar\u00e1n de acuerdo a la legislaci\u00f3n vigente. Para cualquier litigio derivado de las relaciones comerciales entre el usuario y <b>Ecogrup Arj\u00f3 &#8211; Celler Casa Blanca &#8211; Celler Casa Blanca<\/b>, las partes acuerdan someter a lo dispuesto en la legislaci\u00f3n vigente en la materia.<\/p>\n<\/div>\n","protected":false},"excerpt":{"rendered":"<p>CONDICIONES DE COMPRA Las presentes Condiciones Generales de Compra regulan<\/p>\n","protected":false},"author":1,"featured_media":0,"parent":0,"menu_order":0,"comment_status":"closed","ping_status":"closed","template":"","meta":{"footnotes":""},"class_list":["post-1761","page","type-page","status-publish","hentry"],"_links":{"self":[{"href":"https:\/\/ecogruparjo.com\/es\/wp-json\/wp\/v2\/pages\/1761","targetHints":{"allow":["GET"]}}],"collection":[{"href":"https:\/\/ecogruparjo.com\/es\/wp-json\/wp\/v2\/pages"}],"about":[{"href":"https:\/\/ecogruparjo.com\/es\/wp-json\/wp\/v2\/types\/page"}],"author":[{"embeddable":true,"href":"https:\/\/ecogruparjo.com\/es\/wp-json\/wp\/v2\/users\/1"}],"replies":[{"embeddable":true,"href":"https:\/\/ecogruparjo.com\/es\/wp-json\/wp\/v2\/comments?post=1761"}],"version-history":[{"count":4,"href":"https:\/\/ecogruparjo.com\/es\/wp-json\/wp\/v2\/pages\/1761\/revisions"}],"predecessor-version":[{"id":1797,"href":"https:\/\/ecogruparjo.com\/es\/wp-json\/wp\/v2\/pages\/1761\/revisions\/1797"}],"wp:attachment":[{"href":"https:\/\/ecogruparjo.com\/es\/wp-json\/wp\/v2\/media?parent=1761"}],"curies":[{"name":"wp","href":"https:\/\/api.w.org\/{rel}","templated":true}]}}